{"id":23802,"date":"2014-02-02T02:40:22","date_gmt":"2014-02-02T01:40:22","guid":{"rendered":"http:\/\/www.depannagemac.com\/blog\/?page_id=23802"},"modified":"2015-12-24T02:17:43","modified_gmt":"2015-12-24T01:17:43","slug":"bug-2","status":"publish","type":"page","link":"https:\/\/www.depannagemac.com\/blog\/a-propos\/bug-2\/","title":{"rendered":"It was a Bug Dave &#8230;"},"content":{"rendered":"<div class=\"wpb-content-wrapper\"><p>[vc_row][vc_column][vc_column_text]<span style=\"font-size:20px !important; line-height:26px !important;\" class=\"ninzio-font-size\">\n<p><a title=\"steve jobs keynote 1999\" href=\"http:\/\/allaboutstevejobs.com\/movies\/stevejobskeynotes.php\" target=\"_blank\">Macworld Expo 1999<\/a>\u00a0...<\/p>\n<p>&nbsp;<\/p>\n<p>En plein\u00a0<a title=\"Super Bowl XVIII\" href=\"http:\/\/fr.wikipedia.org\/wiki\/Super_Bowl_XVIII\">Super Bowl XVIII<\/a>, le plus grand \u00e9v\u00e8nement TV aux USA, \u00a0Apple diffuse devant 90\u00a0millions\u00a0de\u00a0t\u00e9l\u00e9spectateurs\u00a0la pub culte,\u00a0qui met en sc\u00e8ne le\u00a0HAL 9000 du film 2001,\u00a0film\u00a0science-fiction r\u00e9alis\u00e9 par Stanley Kubrick en 1968 :<\/p>\n<\/span>[\/vc_column_text][\/vc_column][\/vc_row][vc_row][vc_column last=\"yes\" width=\"1\/1\"][vc_column_text]<\/p>\n<p><center><iframe loading=\"lazy\" src=\"https:\/\/www.youtube.com\/embed\/Ctq4dOD0ijs\" width=\"860\" height=\"515\" frameborder=\"0\" allowfullscreen=\"allowfullscreen\"><\/iframe><\/center>[\/vc_column_text][\/vc_column][\/vc_row][vc_row][vc_column width=\"1\/1\"][vc_column_text]<\/p>\n<p><center><iframe loading=\"lazy\" src=\"https:\/\/www.youtube.com\/embed\/HwBmPiOmEGQ\" width=\"860\" height=\"515\" frameborder=\"0\" allowfullscreen=\"allowfullscreen\"><\/iframe><\/center>[\/vc_column_text][\/vc_column][\/vc_row][vc_row][vc_column width=\"1\/1\"]<div class='ninzio-gap inline-ninzio-clearfix' style='height:30px'>&nbsp;<\/div>[\/vc_column][\/vc_row]<\/p>\n<\/div>","protected":false},"excerpt":{"rendered":"<p>[vc_row][vc_column][vc_column_text][\/vc_column_text][\/vc_column][\/vc_row][vc_row][vc_column last=&#8221;yes&#8221; width=&#8221;1\/1&#8243;][vc_column_text] [\/vc_column_text][\/vc_column][\/vc_row][vc_row][vc_column width=&#8221;1\/1&#8243;][vc_column_text] [\/vc_column_text][\/vc_column][\/vc_row][vc_row][vc_column width=&#8221;1\/1&#8243;][\/vc_column][\/vc_row]<\/p>\n","protected":false},"author":12,"featured_media":39442,"parent":12,"menu_order":0,"comment_status":"closed","ping_status":"open","template":"","meta":{"footnotes":""},"class_list":["post-23802","page","type-page","status-publish","has-post-thumbnail","hentry"],"yoast_head":"<!-- This site is optimized with the Yoast SEO plugin v27.2 - https:\/\/yoast.com\/product\/yoast-seo-wordpress\/ -->\n<title>It was a Bug Dave ... - D\u00e9pannage mac Blog<\/title>\n<meta name=\"description\" content=\"En plein Super Bowl XVIII, le plus grand \u00e9v\u00e8nement TV aux USA, Apple diffuse devant 90 millions de t\u00e9l\u00e9spectateurs la pub culte, le HAL 9000 du film 2001\" \/>\n<meta name=\"robots\" content=\"index, follow, max-snippet:-1, max-image-preview:large, max-video-preview:-1\" \/>\n<link rel=\"canonical\" href=\"https:\/\/www.depannagemac.com\/blog\/a-propos\/bug-2\/\" \/>\n<meta property=\"og:locale\" content=\"fr_FR\" \/>\n<meta property=\"og:type\" content=\"article\" \/>\n<meta property=\"og:title\" content=\"It was a Bug Dave ... - D\u00e9pannage mac Blog\" \/>\n<meta property=\"og:description\" content=\"En plein Super Bowl XVIII, le plus grand \u00e9v\u00e8nement TV aux USA, Apple diffuse devant 90 millions de t\u00e9l\u00e9spectateurs la pub culte, le HAL 9000 du film 2001\" \/>\n<meta property=\"og:url\" content=\"https:\/\/www.depannagemac.com\/blog\/a-propos\/bug-2\/\" \/>\n<meta property=\"og:site_name\" content=\"D\u00e9pannage mac Blog\" \/>\n<meta property=\"article:publisher\" content=\"https:\/\/www.facebook.com\/depannagemac\" \/>\n<meta property=\"article:modified_time\" content=\"2015-12-24T01:17:43+00:00\" \/>\n<meta property=\"og:image\" content=\"https:\/\/www.depannagemac.com\/blog\/wp-content\/uploads\/2014\/02\/HAL.jpeg\" \/>\n\t<meta property=\"og:image:width\" content=\"1920\" \/>\n\t<meta property=\"og:image:height\" content=\"1152\" \/>\n\t<meta property=\"og:image:type\" content=\"image\/jpeg\" \/>\n<meta name=\"twitter:card\" content=\"summary_large_image\" \/>\n<meta name=\"twitter:site\" content=\"@depannagemac\" \/>\n<meta name=\"twitter:label1\" content=\"Dur\u00e9e de lecture estim\u00e9e\" \/>\n\t<meta name=\"twitter:data1\" content=\"1 minute\" \/>\n<script type=\"application\/ld+json\" class=\"yoast-schema-graph\">{\"@context\":\"https:\/\/schema.org\",\"@graph\":[{\"@type\":\"WebPage\",\"@id\":\"https:\/\/www.depannagemac.com\/blog\/a-propos\/bug-2\/\",\"url\":\"https:\/\/www.depannagemac.com\/blog\/a-propos\/bug-2\/\",\"name\":\"It was a Bug Dave ... - D\u00e9pannage mac Blog\",\"isPartOf\":{\"@id\":\"https:\/\/www.depannagemac.com\/blog\/#website\"},\"primaryImageOfPage\":{\"@id\":\"https:\/\/www.depannagemac.com\/blog\/a-propos\/bug-2\/#primaryimage\"},\"image\":{\"@id\":\"https:\/\/www.depannagemac.com\/blog\/a-propos\/bug-2\/#primaryimage\"},\"thumbnailUrl\":\"https:\/\/www.depannagemac.com\/blog\/wp-content\/uploads\/2014\/02\/HAL.jpeg\",\"datePublished\":\"2014-02-02T01:40:22+00:00\",\"dateModified\":\"2015-12-24T01:17:43+00:00\",\"description\":\"En plein Super Bowl XVIII, le plus grand \u00e9v\u00e8nement TV aux USA, Apple diffuse devant 90 millions de t\u00e9l\u00e9spectateurs la pub culte, le HAL 9000 du film 2001\",\"breadcrumb\":{\"@id\":\"https:\/\/www.depannagemac.com\/blog\/a-propos\/bug-2\/#breadcrumb\"},\"inLanguage\":\"fr-FR\",\"potentialAction\":[{\"@type\":\"ReadAction\",\"target\":[\"https:\/\/www.depannagemac.com\/blog\/a-propos\/bug-2\/\"]}]},{\"@type\":\"ImageObject\",\"inLanguage\":\"fr-FR\",\"@id\":\"https:\/\/www.depannagemac.com\/blog\/a-propos\/bug-2\/#primaryimage\",\"url\":\"https:\/\/www.depannagemac.com\/blog\/wp-content\/uploads\/2014\/02\/HAL.jpeg\",\"contentUrl\":\"https:\/\/www.depannagemac.com\/blog\/wp-content\/uploads\/2014\/02\/HAL.jpeg\",\"width\":1920,\"height\":1152},{\"@type\":\"BreadcrumbList\",\"@id\":\"https:\/\/www.depannagemac.com\/blog\/a-propos\/bug-2\/#breadcrumb\",\"itemListElement\":[{\"@type\":\"ListItem\",\"position\":1,\"name\":\"Accueil\",\"item\":\"https:\/\/www.depannagemac.com\/blog\/\"},{\"@type\":\"ListItem\",\"position\":2,\"name\":\"A Propos\",\"item\":\"https:\/\/www.depannagemac.com\/blog\/a-propos\/\"},{\"@type\":\"ListItem\",\"position\":3,\"name\":\"It was a Bug Dave &#8230;\"}]},{\"@type\":\"WebSite\",\"@id\":\"https:\/\/www.depannagemac.com\/blog\/#website\",\"url\":\"https:\/\/www.depannagemac.com\/blog\/\",\"name\":\"D\u00e9pannage mac Blog\",\"description\":\"Des nouvelles du web, presque 100% Apple\",\"publisher\":{\"@id\":\"https:\/\/www.depannagemac.com\/blog\/#organization\"},\"potentialAction\":[{\"@type\":\"SearchAction\",\"target\":{\"@type\":\"EntryPoint\",\"urlTemplate\":\"https:\/\/www.depannagemac.com\/blog\/?s={search_term_string}\"},\"query-input\":{\"@type\":\"PropertyValueSpecification\",\"valueRequired\":true,\"valueName\":\"search_term_string\"}}],\"inLanguage\":\"fr-FR\"},{\"@type\":\"Organization\",\"@id\":\"https:\/\/www.depannagemac.com\/blog\/#organization\",\"name\":\"D\u00e9pannage mac\",\"url\":\"https:\/\/www.depannagemac.com\/blog\/\",\"logo\":{\"@type\":\"ImageObject\",\"inLanguage\":\"fr-FR\",\"@id\":\"https:\/\/www.depannagemac.com\/blog\/#\/schema\/logo\/image\/\",\"url\":\"https:\/\/www.depannagemac.com\/blog\/wp-content\/uploads\/D\u00e9pannage-Mac_Logo.jpg\",\"contentUrl\":\"https:\/\/www.depannagemac.com\/blog\/wp-content\/uploads\/D\u00e9pannage-Mac_Logo.jpg\",\"width\":150,\"height\":83,\"caption\":\"D\u00e9pannage mac\"},\"image\":{\"@id\":\"https:\/\/www.depannagemac.com\/blog\/#\/schema\/logo\/image\/\"},\"sameAs\":[\"https:\/\/www.facebook.com\/depannagemac\",\"https:\/\/x.com\/depannagemac\",\"https:\/\/fr.linkedin.com\/in\/depannagemac\"]}]}<\/script>\n<!-- \/ Yoast SEO plugin. -->","yoast_head_json":{"title":"It was a Bug Dave ... - D\u00e9pannage mac Blog","description":"En plein Super Bowl XVIII, le plus grand \u00e9v\u00e8nement TV aux USA, Apple diffuse devant 90 millions de t\u00e9l\u00e9spectateurs la pub culte, le HAL 9000 du film 2001","robots":{"index":"index","follow":"follow","max-snippet":"max-snippet:-1","max-image-preview":"max-image-preview:large","max-video-preview":"max-video-preview:-1"},"canonical":"https:\/\/www.depannagemac.com\/blog\/a-propos\/bug-2\/","og_locale":"fr_FR","og_type":"article","og_title":"It was a Bug Dave ... - D\u00e9pannage mac Blog","og_description":"En plein Super Bowl XVIII, le plus grand \u00e9v\u00e8nement TV aux USA, Apple diffuse devant 90 millions de t\u00e9l\u00e9spectateurs la pub culte, le HAL 9000 du film 2001","og_url":"https:\/\/www.depannagemac.com\/blog\/a-propos\/bug-2\/","og_site_name":"D\u00e9pannage mac Blog","article_publisher":"https:\/\/www.facebook.com\/depannagemac","article_modified_time":"2015-12-24T01:17:43+00:00","og_image":[{"width":1920,"height":1152,"url":"https:\/\/www.depannagemac.com\/blog\/wp-content\/uploads\/2014\/02\/HAL.jpeg","type":"image\/jpeg"}],"twitter_card":"summary_large_image","twitter_site":"@depannagemac","twitter_misc":{"Dur\u00e9e de lecture estim\u00e9e":"1 minute"},"schema":{"@context":"https:\/\/schema.org","@graph":[{"@type":"WebPage","@id":"https:\/\/www.depannagemac.com\/blog\/a-propos\/bug-2\/","url":"https:\/\/www.depannagemac.com\/blog\/a-propos\/bug-2\/","name":"It was a Bug Dave ... - D\u00e9pannage mac Blog","isPartOf":{"@id":"https:\/\/www.depannagemac.com\/blog\/#website"},"primaryImageOfPage":{"@id":"https:\/\/www.depannagemac.com\/blog\/a-propos\/bug-2\/#primaryimage"},"image":{"@id":"https:\/\/www.depannagemac.com\/blog\/a-propos\/bug-2\/#primaryimage"},"thumbnailUrl":"https:\/\/www.depannagemac.com\/blog\/wp-content\/uploads\/2014\/02\/HAL.jpeg","datePublished":"2014-02-02T01:40:22+00:00","dateModified":"2015-12-24T01:17:43+00:00","description":"En plein Super Bowl XVIII, le plus grand \u00e9v\u00e8nement TV aux USA, Apple diffuse devant 90 millions de t\u00e9l\u00e9spectateurs la pub culte, le HAL 9000 du film 2001","breadcrumb":{"@id":"https:\/\/www.depannagemac.com\/blog\/a-propos\/bug-2\/#breadcrumb"},"inLanguage":"fr-FR","potentialAction":[{"@type":"ReadAction","target":["https:\/\/www.depannagemac.com\/blog\/a-propos\/bug-2\/"]}]},{"@type":"ImageObject","inLanguage":"fr-FR","@id":"https:\/\/www.depannagemac.com\/blog\/a-propos\/bug-2\/#primaryimage","url":"https:\/\/www.depannagemac.com\/blog\/wp-content\/uploads\/2014\/02\/HAL.jpeg","contentUrl":"https:\/\/www.depannagemac.com\/blog\/wp-content\/uploads\/2014\/02\/HAL.jpeg","width":1920,"height":1152},{"@type":"BreadcrumbList","@id":"https:\/\/www.depannagemac.com\/blog\/a-propos\/bug-2\/#breadcrumb","itemListElement":[{"@type":"ListItem","position":1,"name":"Accueil","item":"https:\/\/www.depannagemac.com\/blog\/"},{"@type":"ListItem","position":2,"name":"A Propos","item":"https:\/\/www.depannagemac.com\/blog\/a-propos\/"},{"@type":"ListItem","position":3,"name":"It was a Bug Dave &#8230;"}]},{"@type":"WebSite","@id":"https:\/\/www.depannagemac.com\/blog\/#website","url":"https:\/\/www.depannagemac.com\/blog\/","name":"D\u00e9pannage mac Blog","description":"Des nouvelles du web, presque 100% Apple","publisher":{"@id":"https:\/\/www.depannagemac.com\/blog\/#organization"},"potentialAction":[{"@type":"SearchAction","target":{"@type":"EntryPoint","urlTemplate":"https:\/\/www.depannagemac.com\/blog\/?s={search_term_string}"},"query-input":{"@type":"PropertyValueSpecification","valueRequired":true,"valueName":"search_term_string"}}],"inLanguage":"fr-FR"},{"@type":"Organization","@id":"https:\/\/www.depannagemac.com\/blog\/#organization","name":"D\u00e9pannage mac","url":"https:\/\/www.depannagemac.com\/blog\/","logo":{"@type":"ImageObject","inLanguage":"fr-FR","@id":"https:\/\/www.depannagemac.com\/blog\/#\/schema\/logo\/image\/","url":"https:\/\/www.depannagemac.com\/blog\/wp-content\/uploads\/D\u00e9pannage-Mac_Logo.jpg","contentUrl":"https:\/\/www.depannagemac.com\/blog\/wp-content\/uploads\/D\u00e9pannage-Mac_Logo.jpg","width":150,"height":83,"caption":"D\u00e9pannage mac"},"image":{"@id":"https:\/\/www.depannagemac.com\/blog\/#\/schema\/logo\/image\/"},"sameAs":["https:\/\/www.facebook.com\/depannagemac","https:\/\/x.com\/depannagemac","https:\/\/fr.linkedin.com\/in\/depannagemac"]}]}},"_links":{"self":[{"href":"https:\/\/www.depannagemac.com\/blog\/wp-json\/wp\/v2\/pages\/23802","targetHints":{"allow":["GET"]}}],"collection":[{"href":"https:\/\/www.depannagemac.com\/blog\/wp-json\/wp\/v2\/pages"}],"about":[{"href":"https:\/\/www.depannagemac.com\/blog\/wp-json\/wp\/v2\/types\/page"}],"author":[{"embeddable":true,"href":"https:\/\/www.depannagemac.com\/blog\/wp-json\/wp\/v2\/users\/12"}],"replies":[{"embeddable":true,"href":"https:\/\/www.depannagemac.com\/blog\/wp-json\/wp\/v2\/comments?post=23802"}],"version-history":[{"count":0,"href":"https:\/\/www.depannagemac.com\/blog\/wp-json\/wp\/v2\/pages\/23802\/revisions"}],"up":[{"embeddable":true,"href":"https:\/\/www.depannagemac.com\/blog\/wp-json\/wp\/v2\/pages\/12"}],"wp:featuredmedia":[{"embeddable":true,"href":"https:\/\/www.depannagemac.com\/blog\/wp-json\/wp\/v2\/media\/39442"}],"wp:attachment":[{"href":"https:\/\/www.depannagemac.com\/blog\/wp-json\/wp\/v2\/media?parent=23802"}],"curies":[{"name":"wp","href":"https:\/\/api.w.org\/{rel}","templated":true}]}}