{"id":182,"date":"2010-09-28T12:48:36","date_gmt":"2010-09-28T10:48:36","guid":{"rendered":"http:\/\/www.depannagemac.com\/blog\/?page_id=182"},"modified":"2015-09-25T01:26:28","modified_gmt":"2015-09-25T00:26:28","slug":"chevy-impala-1967","status":"publish","type":"page","link":"https:\/\/www.depannagemac.com\/blog\/chevy-impala-1967\/","title":{"rendered":"Chevy Impala 67"},"content":{"rendered":"<p><a href=\"https:\/\/www.depannagemac.com\/blog\/wp-content\/uploads\/62B2A9D31.jpg\"><img loading=\"lazy\" decoding=\"async\" class=\"alignnone wp-image-192 \" title=\"Chevy impala\" src=\"https:\/\/www.depannagemac.com\/blog\/wp-content\/uploads\/62B2A9D31-150x150.jpg\" alt=\"\" width=\"144\" height=\"144\" \/><\/a><em><strong>La \u00a0Chevrolet Impala<\/strong> est une automobile construite par la division Chevrolet de\u00a0General Motors en 1958.\u00a0Elle tire son nom de \u00a0l'antilope <\/em><em>d' Afrique australe. Elle \u00e9tait devenue la meilleur vente d'automobiles des Etats-Unis, en concurrence avec les\u00a0Ford Galaxie 500 et la\u00a0Plymouth Fury.\u00a0L'Impala a \u00e9t\u00e9 distingu\u00e9 de nombreuses ann\u00e9es par son sym\u00e9trique triple\u00a0feux arri\u00e8re.\u00a0Le\u00a0Caprice a \u00e9t\u00e9 pr\u00e9sent\u00e9 comme un haut de gamme Impala Sport Sedan en 1965.\u00a0La Chevrolet Impala continua d'\u00eatre la plus populaire jusqu'au milieu des ann\u00e9es quatre-vingt.<\/em><\/p>\n<p><em><a href=\"https:\/\/www.depannagemac.com\/blog\/wp-content\/uploads\/Supernatural-impala.jpg\"><img loading=\"lazy\" decoding=\"async\" class=\"alignnone wp-image-2112 size-medium\" title=\"Supernatural-impala\" src=\"https:\/\/www.depannagemac.com\/blog\/wp-content\/uploads\/Supernatural-impala-300x200.jpg\" alt=\"\" width=\"300\" height=\"200\" srcset=\"https:\/\/www.depannagemac.com\/blog\/wp-content\/uploads\/Supernatural-impala-300x200.jpg 300w, https:\/\/www.depannagemac.com\/blog\/wp-content\/uploads\/Supernatural-impala.jpg 678w\" sizes=\"auto, (max-width: 300px) 100vw, 300px\" \/><\/a><\/em><\/p>\n<p><em><br \/>\n<\/em><\/p>\n<p><object width=\"640\" height=\"480\" classid=\"clsid:d27cdb6e-ae6d-11cf-96b8-444553540000\" codebase=\"http:\/\/download.macromedia.com\/pub\/shockwave\/cabs\/flash\/swflash.cab#version=6,0,40,0\"><param name=\"allowFullScreen\" value=\"true\" \/><param name=\"allowscriptaccess\" value=\"always\" \/><param name=\"src\" value=\"http:\/\/www.youtube.com\/v\/LI6o0y3YSp8?version=3&amp;hl=fr_FR&amp;rel=0\" \/><param name=\"allowfullscreen\" value=\"true\" \/><embed width=\"640\" height=\"480\" type=\"application\/x-shockwave-flash\" src=\"http:\/\/www.youtube.com\/v\/LI6o0y3YSp8?version=3&amp;hl=fr_FR&amp;rel=0\" allowfullscreen=\"allowfullscreen\" allowscriptaccess=\"always\" allowfullscreen=\"allowfullscreen\" \/><\/object><\/p>\n<p>&nbsp;<\/p>\n<p>[juiz_sps buttons=\"facebook, twitter, linkedin, viadeo, mail\"]<\/p>\n","protected":false},"excerpt":{"rendered":"<p>La \u00a0Chevrolet Impala est une automobile construite par la division Chevrolet de\u00a0General Motors en 1958.\u00a0Elle tire son nom de \u00a0l&#8217;antilope d&#8217; Afrique australe. Elle \u00e9tait devenue la meilleur vente d&#8217;automobiles des Etats-Unis, en concurrence avec les\u00a0Ford Galaxie 500 et la\u00a0Plymouth Fury.\u00a0L&#8217;Impala a \u00e9t\u00e9 distingu\u00e9 de nombreuses ann\u00e9es par son sym\u00e9trique triple\u00a0feux arri\u00e8re.\u00a0Le\u00a0Caprice a \u00e9t\u00e9 pr\u00e9sent\u00e9 [&hellip;]<\/p>\n","protected":false},"author":12,"featured_media":0,"parent":0,"menu_order":2,"comment_status":"closed","ping_status":"open","template":"template-onecolumn.php","meta":{"footnotes":""},"class_list":["post-182","page","type-page","status-publish","hentry"],"yoast_head":"<!-- This site is optimized with the Yoast SEO plugin v27.2 - https:\/\/yoast.com\/product\/yoast-seo-wordpress\/ -->\n<title>Chevy Impala 67 - D\u00e9pannage Mac Blog<\/title>\n<meta name=\"description\" content=\"La Chevrolet Impala est une automobile construite par la division Chevrolet de General Motors en 1958. Elle tire son nom de l&#039;antilope d&#039; Afrique\" \/>\n<meta name=\"robots\" content=\"index, follow, max-snippet:-1, max-image-preview:large, max-video-preview:-1\" \/>\n<link rel=\"canonical\" href=\"https:\/\/www.depannagemac.com\/blog\/chevy-impala-1967\/\" \/>\n<meta property=\"og:locale\" content=\"fr_FR\" \/>\n<meta property=\"og:type\" content=\"article\" \/>\n<meta property=\"og:title\" content=\"Chevy Impala 67 - D\u00e9pannage Mac Blog\" \/>\n<meta property=\"og:description\" content=\"La Chevrolet Impala est une automobile construite par la division Chevrolet de General Motors en 1958. Elle tire son nom de l&#039;antilope d&#039; Afrique\" \/>\n<meta property=\"og:url\" content=\"https:\/\/www.depannagemac.com\/blog\/chevy-impala-1967\/\" \/>\n<meta property=\"og:site_name\" content=\"D\u00e9pannage mac Blog\" \/>\n<meta property=\"article:publisher\" content=\"https:\/\/www.facebook.com\/depannagemac\" \/>\n<meta property=\"article:modified_time\" content=\"2015-09-25T00:26:28+00:00\" \/>\n<meta property=\"og:image\" content=\"https:\/\/www.depannagemac.com\/blog\/wp-content\/uploads\/62B2A9D31-150x150.jpg\" \/>\n<meta name=\"twitter:card\" content=\"summary_large_image\" \/>\n<meta name=\"twitter:site\" content=\"@depannagemac\" \/>\n<script type=\"application\/ld+json\" class=\"yoast-schema-graph\">{\"@context\":\"https:\/\/schema.org\",\"@graph\":[{\"@type\":\"WebPage\",\"@id\":\"https:\/\/www.depannagemac.com\/blog\/chevy-impala-1967\/\",\"url\":\"https:\/\/www.depannagemac.com\/blog\/chevy-impala-1967\/\",\"name\":\"Chevy Impala 67 - D\u00e9pannage Mac Blog\",\"isPartOf\":{\"@id\":\"https:\/\/www.depannagemac.com\/blog\/#website\"},\"primaryImageOfPage\":{\"@id\":\"https:\/\/www.depannagemac.com\/blog\/chevy-impala-1967\/#primaryimage\"},\"image\":{\"@id\":\"https:\/\/www.depannagemac.com\/blog\/chevy-impala-1967\/#primaryimage\"},\"thumbnailUrl\":\"https:\/\/www.depannagemac.com\/blog\/wp-content\/uploads\/62B2A9D31-150x150.jpg\",\"datePublished\":\"2010-09-28T10:48:36+00:00\",\"dateModified\":\"2015-09-25T00:26:28+00:00\",\"description\":\"La Chevrolet Impala est une automobile construite par la division Chevrolet de General Motors en 1958. Elle tire son nom de l'antilope d' Afrique\",\"breadcrumb\":{\"@id\":\"https:\/\/www.depannagemac.com\/blog\/chevy-impala-1967\/#breadcrumb\"},\"inLanguage\":\"fr-FR\",\"potentialAction\":[{\"@type\":\"ReadAction\",\"target\":[\"https:\/\/www.depannagemac.com\/blog\/chevy-impala-1967\/\"]}]},{\"@type\":\"ImageObject\",\"inLanguage\":\"fr-FR\",\"@id\":\"https:\/\/www.depannagemac.com\/blog\/chevy-impala-1967\/#primaryimage\",\"url\":\"https:\/\/www.depannagemac.com\/blog\/wp-content\/uploads\/62B2A9D31.jpg\",\"contentUrl\":\"https:\/\/www.depannagemac.com\/blog\/wp-content\/uploads\/62B2A9D31.jpg\",\"width\":\"344\",\"height\":\"260\"},{\"@type\":\"BreadcrumbList\",\"@id\":\"https:\/\/www.depannagemac.com\/blog\/chevy-impala-1967\/#breadcrumb\",\"itemListElement\":[{\"@type\":\"ListItem\",\"position\":1,\"name\":\"Accueil\",\"item\":\"https:\/\/www.depannagemac.com\/blog\/\"},{\"@type\":\"ListItem\",\"position\":2,\"name\":\"Chevy Impala 67\"}]},{\"@type\":\"WebSite\",\"@id\":\"https:\/\/www.depannagemac.com\/blog\/#website\",\"url\":\"https:\/\/www.depannagemac.com\/blog\/\",\"name\":\"D\u00e9pannage mac Blog\",\"description\":\"Des nouvelles du web, presque 100% Apple\",\"publisher\":{\"@id\":\"https:\/\/www.depannagemac.com\/blog\/#organization\"},\"potentialAction\":[{\"@type\":\"SearchAction\",\"target\":{\"@type\":\"EntryPoint\",\"urlTemplate\":\"https:\/\/www.depannagemac.com\/blog\/?s={search_term_string}\"},\"query-input\":{\"@type\":\"PropertyValueSpecification\",\"valueRequired\":true,\"valueName\":\"search_term_string\"}}],\"inLanguage\":\"fr-FR\"},{\"@type\":\"Organization\",\"@id\":\"https:\/\/www.depannagemac.com\/blog\/#organization\",\"name\":\"D\u00e9pannage mac\",\"url\":\"https:\/\/www.depannagemac.com\/blog\/\",\"logo\":{\"@type\":\"ImageObject\",\"inLanguage\":\"fr-FR\",\"@id\":\"https:\/\/www.depannagemac.com\/blog\/#\/schema\/logo\/image\/\",\"url\":\"https:\/\/www.depannagemac.com\/blog\/wp-content\/uploads\/D\u00e9pannage-Mac_Logo.jpg\",\"contentUrl\":\"https:\/\/www.depannagemac.com\/blog\/wp-content\/uploads\/D\u00e9pannage-Mac_Logo.jpg\",\"width\":150,\"height\":83,\"caption\":\"D\u00e9pannage mac\"},\"image\":{\"@id\":\"https:\/\/www.depannagemac.com\/blog\/#\/schema\/logo\/image\/\"},\"sameAs\":[\"https:\/\/www.facebook.com\/depannagemac\",\"https:\/\/x.com\/depannagemac\",\"https:\/\/fr.linkedin.com\/in\/depannagemac\"]}]}<\/script>\n<!-- \/ Yoast SEO plugin. -->","yoast_head_json":{"title":"Chevy Impala 67 - D\u00e9pannage Mac Blog","description":"La Chevrolet Impala est une automobile construite par la division Chevrolet de General Motors en 1958. Elle tire son nom de l'antilope d' Afrique","robots":{"index":"index","follow":"follow","max-snippet":"max-snippet:-1","max-image-preview":"max-image-preview:large","max-video-preview":"max-video-preview:-1"},"canonical":"https:\/\/www.depannagemac.com\/blog\/chevy-impala-1967\/","og_locale":"fr_FR","og_type":"article","og_title":"Chevy Impala 67 - D\u00e9pannage Mac Blog","og_description":"La Chevrolet Impala est une automobile construite par la division Chevrolet de General Motors en 1958. Elle tire son nom de l'antilope d' Afrique","og_url":"https:\/\/www.depannagemac.com\/blog\/chevy-impala-1967\/","og_site_name":"D\u00e9pannage mac Blog","article_publisher":"https:\/\/www.facebook.com\/depannagemac","article_modified_time":"2015-09-25T00:26:28+00:00","og_image":[{"url":"https:\/\/www.depannagemac.com\/blog\/wp-content\/uploads\/62B2A9D31-150x150.jpg","type":"","width":"","height":""}],"twitter_card":"summary_large_image","twitter_site":"@depannagemac","schema":{"@context":"https:\/\/schema.org","@graph":[{"@type":"WebPage","@id":"https:\/\/www.depannagemac.com\/blog\/chevy-impala-1967\/","url":"https:\/\/www.depannagemac.com\/blog\/chevy-impala-1967\/","name":"Chevy Impala 67 - D\u00e9pannage Mac Blog","isPartOf":{"@id":"https:\/\/www.depannagemac.com\/blog\/#website"},"primaryImageOfPage":{"@id":"https:\/\/www.depannagemac.com\/blog\/chevy-impala-1967\/#primaryimage"},"image":{"@id":"https:\/\/www.depannagemac.com\/blog\/chevy-impala-1967\/#primaryimage"},"thumbnailUrl":"https:\/\/www.depannagemac.com\/blog\/wp-content\/uploads\/62B2A9D31-150x150.jpg","datePublished":"2010-09-28T10:48:36+00:00","dateModified":"2015-09-25T00:26:28+00:00","description":"La Chevrolet Impala est une automobile construite par la division Chevrolet de General Motors en 1958. Elle tire son nom de l'antilope d' Afrique","breadcrumb":{"@id":"https:\/\/www.depannagemac.com\/blog\/chevy-impala-1967\/#breadcrumb"},"inLanguage":"fr-FR","potentialAction":[{"@type":"ReadAction","target":["https:\/\/www.depannagemac.com\/blog\/chevy-impala-1967\/"]}]},{"@type":"ImageObject","inLanguage":"fr-FR","@id":"https:\/\/www.depannagemac.com\/blog\/chevy-impala-1967\/#primaryimage","url":"https:\/\/www.depannagemac.com\/blog\/wp-content\/uploads\/62B2A9D31.jpg","contentUrl":"https:\/\/www.depannagemac.com\/blog\/wp-content\/uploads\/62B2A9D31.jpg","width":"344","height":"260"},{"@type":"BreadcrumbList","@id":"https:\/\/www.depannagemac.com\/blog\/chevy-impala-1967\/#breadcrumb","itemListElement":[{"@type":"ListItem","position":1,"name":"Accueil","item":"https:\/\/www.depannagemac.com\/blog\/"},{"@type":"ListItem","position":2,"name":"Chevy Impala 67"}]},{"@type":"WebSite","@id":"https:\/\/www.depannagemac.com\/blog\/#website","url":"https:\/\/www.depannagemac.com\/blog\/","name":"D\u00e9pannage mac Blog","description":"Des nouvelles du web, presque 100% Apple","publisher":{"@id":"https:\/\/www.depannagemac.com\/blog\/#organization"},"potentialAction":[{"@type":"SearchAction","target":{"@type":"EntryPoint","urlTemplate":"https:\/\/www.depannagemac.com\/blog\/?s={search_term_string}"},"query-input":{"@type":"PropertyValueSpecification","valueRequired":true,"valueName":"search_term_string"}}],"inLanguage":"fr-FR"},{"@type":"Organization","@id":"https:\/\/www.depannagemac.com\/blog\/#organization","name":"D\u00e9pannage mac","url":"https:\/\/www.depannagemac.com\/blog\/","logo":{"@type":"ImageObject","inLanguage":"fr-FR","@id":"https:\/\/www.depannagemac.com\/blog\/#\/schema\/logo\/image\/","url":"https:\/\/www.depannagemac.com\/blog\/wp-content\/uploads\/D\u00e9pannage-Mac_Logo.jpg","contentUrl":"https:\/\/www.depannagemac.com\/blog\/wp-content\/uploads\/D\u00e9pannage-Mac_Logo.jpg","width":150,"height":83,"caption":"D\u00e9pannage mac"},"image":{"@id":"https:\/\/www.depannagemac.com\/blog\/#\/schema\/logo\/image\/"},"sameAs":["https:\/\/www.facebook.com\/depannagemac","https:\/\/x.com\/depannagemac","https:\/\/fr.linkedin.com\/in\/depannagemac"]}]}},"_links":{"self":[{"href":"https:\/\/www.depannagemac.com\/blog\/wp-json\/wp\/v2\/pages\/182","targetHints":{"allow":["GET"]}}],"collection":[{"href":"https:\/\/www.depannagemac.com\/blog\/wp-json\/wp\/v2\/pages"}],"about":[{"href":"https:\/\/www.depannagemac.com\/blog\/wp-json\/wp\/v2\/types\/page"}],"author":[{"embeddable":true,"href":"https:\/\/www.depannagemac.com\/blog\/wp-json\/wp\/v2\/users\/12"}],"replies":[{"embeddable":true,"href":"https:\/\/www.depannagemac.com\/blog\/wp-json\/wp\/v2\/comments?post=182"}],"version-history":[{"count":0,"href":"https:\/\/www.depannagemac.com\/blog\/wp-json\/wp\/v2\/pages\/182\/revisions"}],"wp:attachment":[{"href":"https:\/\/www.depannagemac.com\/blog\/wp-json\/wp\/v2\/media?parent=182"}],"curies":[{"name":"wp","href":"https:\/\/api.w.org\/{rel}","templated":true}]}}